{"id":3,"date":"2023-01-19T17:52:06","date_gmt":"2023-01-19T17:52:06","guid":{"rendered":"https:\/\/sostacamperzambrone.it\/?page_id=3"},"modified":"2023-02-06T14:56:15","modified_gmt":"2023-02-06T14:56:15","slug":"privacy-policy","status":"publish","type":"page","link":"https:\/\/sostacamperzambrone.it\/index.php\/privacy-policy\/","title":{"rendered":"Privacy Policy"},"content":{"rendered":"\t\t<div data-elementor-type=\"wp-page\" data-elementor-id=\"3\" class=\"elementor elementor-3\">\n\t\t\t\t\t\t\t\t\t<section class=\"elementor-section elementor-top-section elementor-element elementor-element-21d2f2d elementor-section-boxed elementor-section-height-default elementor-section-height-default\" data-id=\"21d2f2d\" data-element_type=\"section\">\n\t\t\t\t\t\t<div class=\"elementor-container elementor-column-gap-default\">\n\t\t\t\t\t<div class=\"elementor-column elementor-col-100 elementor-top-column elementor-element elementor-element-3a5fa6a\" data-id=\"3a5fa6a\" data-element_type=\"column\">\n\t\t\t<div class=\"elementor-widget-wrap elementor-element-populated\">\n\t\t\t\t\t\t\t\t<div class=\"elementor-element elementor-element-9d74abb elementor-widget elementor-widget-text-editor\" data-id=\"9d74abb\" data-element_type=\"widget\" data-widget_type=\"text-editor.default\">\n\t\t\t\t<div class=\"elementor-widget-container\">\n\t\t\t<style>\/*! elementor - v3.11.4 - 12-03-2023 *\/\n.elementor-widget-text-editor.elementor-drop-cap-view-stacked .elementor-drop-cap{background-color:#818a91;color:#fff}.elementor-widget-text-editor.elementor-drop-cap-view-framed .elementor-drop-cap{color:#818a91;border:3px solid;background-color:transparent}.elementor-widget-text-editor:not(.elementor-drop-cap-view-default) .elementor-drop-cap{margin-top:8px}.elementor-widget-text-editor:not(.elementor-drop-cap-view-default) .elementor-drop-cap-letter{width:1em;height:1em}.elementor-widget-text-editor .elementor-drop-cap{float:left;text-align:center;line-height:1;font-size:50px}.elementor-widget-text-editor .elementor-drop-cap-letter{display:inline-block}<\/style>\t\t\t\t<header class=\"entry-header ast-no-thumbnail\"><h1 class=\"entry-title\">Privacy Policy<\/h1><\/header><div class=\"entry-content clear\"><p><strong>Modalit\u00e0 e condizioni di utilizzo del sito web<\/strong><\/p><p>Chiunque acceda o utilizzi questo sito web accetta senza restrizioni di essere vincolato dalle condizioni qui specificate. Se non le accetta o non intende essere vincolato dalle stesse, non pu\u00f2 accedere, utilizzare o scaricare materiale da questo sito.<\/p><p>In qualsiasi momento, \u201cVillaggio Il Calabriano di Collia Vincenzo e Fratelli\u201d si riserva il diritto di aggiornare o variare le presenti condizioni e le modalit\u00e0 di utilizzo del sito web, senza alcun obbligo di preavviso. Nel caso di modifiche alle condizioni, l\u2019accesso al sito web implica l\u2019impegno a rispettare le condizioni cos\u00ec come modificate.<\/p><p><strong>Normativa applicabile<\/strong><\/p><p>Tutti i contenuti pubblicati o presenti sul sito web, compresa la loro selezione e organizzazione nonch\u00e9 la disposizione e il design del sito web, sono protetti dalla normativa sulla privacy (Dlgs. 30\/6\/2003, n. 196), dalla legge sul diritto d\u2019autore (Legge 22\/4\/1941, n. 633, come modificata dal Dlgs. 29\/12\/1992 n. 518, sulla Tutela giuridica del software) e dalle altre normative nazionali e internazionali in materia di tutela della propriet\u00e0 intellettuale e industriale, loro modifiche e integrazioni.<\/p><p><strong>Titolarit\u00e0 dei diritti<\/strong><\/p><p>Il presente sito web \u00e8 di titolarit\u00e0 e pertinenza esclusiva di \u201cVillaggio Il Calabriano di Collia Vincenzo e Fratelli\u201d ed \u00e8 stata formalmente ottenuta l\u2019assegnazione del nome a dominio internet, secondo le metodologie e procedure vigenti al momento della richiesta di assegnazione.<\/p><p>I diritti sui Contenuti appartengono a \u201cVillaggio Il Calabriano di Collia Vincenzo e Fratelli\u201d. Alcune pagine Internet di questo sito web possono contenere anche materiale soggetto ai diritti d\u2019autore di coloro che lo hanno messo a disposizione. Con la loro pubblicazione, \u201cVillaggio Il Calabriano di Collia Vincenzo e Fratelli\u201d non trasmette alcun diritto su nessuno dei contenuti del sito web.<\/p><p><strong>Regime di utilizzazione dei materiali pubblicati all\u2019interno del sito e di riproduzione da parte di terzi:<\/strong><\/p><ol><li>Comportamenti ammessi: L\u2019accesso al sito web ai suoi contenuti, come visitatore \u00e8 consentito solo per gli scopi ammessi da \u201cVillaggio Il Calabriano di Collia Vincenzo e Fratelli\u201d ed evidenziati su questo stesso sito web. Il sito web ed i dati ivi contenuti possono essere consultati solo per uso personale (ad esempio per propria informazione, ricerca, studio).<\/li><li>Comportamenti vietati: In ogni caso, l\u2019utente non pu\u00f2 utilizzare o far utilizzare a fini commerciali a terzi il sito web e i dati ivi contenuti. Qualsiasi utilizzo per intento o utilit\u00e0 commerciale o di sfruttamento economico da parte degli utenti \u00e8 pertanto sempre espressamente vietato.<\/li><\/ol><p>Sono altres\u00ec in ogni caso vietati:<\/p><p>o la modifica del sito web o di qualsiasi suo contenuto o modalit\u00e0 di accesso;<\/p><p>o i comportamenti che costituiscono reato ai sensi delle normative vigenti (per esempio i cosiddetti crimini informatici, come la violazione del domicilio informatico);<\/p><p>o i comportamenti intesi a frazionare parti o sezioni del presente sito e\/o a incorporarle in altri siti di soggetti terzi, a modificare, copiare, riprodurre, ripubblicare, caricare da programma, rendere pubblico, trasmettere o distribuire in alcun modo il Contenuto, in tutto o in parte, compresi codici e software senza il preventivo assenso di \u201cVillaggio Il Calabriano di Collia Vincenzo e Fratelli\u201d in violazione delle presenti condizioni;<\/p><p>o il tentativo di accesso alle aree riservate del sito web senza profilo di autorizzazione;<\/p><p>o il caricamento di programmi informatici, file e altri materiali contenenti caratteristiche distruttive o di disturbo quali virus, file manipolati, file \u201cnascosti\u201d (come ad es. immagini nelle quali sono integrati file audio), Worms, cavalli di troia o bot a scopo di scrolling o per il lancio di schermate multiple e per ulteriori attivit\u00e0 in genere in grado di disturbare l\u2019integrit\u00e0 o la funzionalit\u00e0 o la comunicazione on line del sito web;<\/p><p>o in generale, l\u2019utilizzo che causi o possa causare danneggiamento, interruzione o limitazione di questo sito web o di suoi servizi;<\/p><p>o la raccolta non autorizzata, tramite il sito web, di informazioni personali su terzi (per esempio indirizzi di posta elettronica).<\/p><p><strong>Collegamenti con Altri Siti Web<\/strong><\/p><p>Nel sito www.ilcalabriano.it possono essere presenti collegamenti (link) ad altri siti di soggetti terzi.<br \/>Con il collegamento ad altri siti, si esce volontariamente dal sito e si viene indirizzati verso pagine web di siti della rete diversi dal presente sito web.<\/p><p>Gli utenti che, tramite link presenti nel sito web, decidono di accedere ad altri siti web collegati si assumono tutti i rischi correlati a tale decisione. \u201cVillaggio Il Calabriano di Collia Vincenzo e Fratelli\u201d non \u00e8 responsabile del contenuto di eventuali siti accessibili tramite \u201clink\u201d che non sono sotto il loro controllo.<\/p><p>Fatti salvi gli accordi con terzi interessati, \u201cVillaggio Il Calabriano di Collia Vincenzo e Fratelli\u201d si riserva il diritto di eliminare in ogni momento qualsiasi link o programma di collegamento.<\/p><p>L\u2019Utente che volesse inserire nella propria \u201chomepage\u201d un link al presente sito web dovr\u00e0 chiedere l\u2019autorizzazione a \u201cVillaggio Il Calabriano di Collia Vincenzo e Fratelli\u201d inoltrando richiesta scritta all\u2019indirizzo email direzione@ilcalabriano.it ; \u201cVillaggio Il Calabriano di Collia Vincenzo e Fratelli\u201d si riserva di valutare la richiesta e di concedere l\u2019autorizzazione in assoluta discrezionalit\u00e0.<\/p><p><strong>Responsabilit\u00e0<\/strong><\/p><p>\u201cVillaggio Il Calabriano di Collia Vincenzo e Fratelli\u201d non pu\u00f2 essere ritenuto responsabile per fatti e\/o danni che possano derivare all\u2019utente e\/o a terzi dall\u2019uso del presente sito e\/o del Contenuto.<\/p><p>\u201cVillaggio Il Calabriano di Collia Vincenzo e Fratelli\u201d non pu\u00f2 essere ritenuto responsabile per eventuali fatti e\/o danni causati da azioni da essa intraprese a seguito di comportamenti vietati dell\u2019utente o di terzi.<\/p><p>\u201cVillaggio Il Calabriano di Collia Vincenzo e Fratelli\u201d non pu\u00f2 essere considerato responsabile per problemi derivanti all\u2019utente da interruzioni, sospensioni, ritardi o anomalie nell\u2019erogazione del servizio dipendenti dalla fornitura di energia elettrica o del servizio telefonico\/telematico, oppure da altre cause collegate al mezzo tecnico tramite il quale il Contenuto viene trasmesso, non dipendenti da \u201cServizi Turistici Integrati societ\u00e0 cooperativa\u201d.<\/p><p>\u201cVillaggio Il Calabriano di Collia Vincenzo e Fratelli\u201d, nonostante i propri continui sforzi tesi a migliorare i servizi offerti, non pu\u00f2 garantire in maniera assoluta n\u00e9 la precisione n\u00e9 la costante attualit\u00e0 del Contenuto del sito web.<\/p><p><strong>Definizioni<\/strong><\/p><p>\u00b7 per \u201cNote legali\u201d: i presenti termini o condizioni;<\/p><p>\u00b7 per \u201csito web\u201d o \u201csito\u201d: homepage del sito www.ilcalabriano.it le pagine internet in questa contenute o altra raccolta di informazioni e\/o applicazioni gestite da \u201cVillaggio Il Calabriano di Collia Vincenzo e Fratelli\u201d e messe a disposizione con accesso mediante apparecchiature informatiche quali PC, computer portatili, telefoni cellulari, computer palmari, macchine fotografiche digitali, apparecchi televisivi o altri dispositivi di rete per reti collegate fisicamente o senza fili;<\/p><p>\u00b7 per \u201ccontenuti\u201d: pagine web, documenti testuali, contenuti redazionali, comunicazioni, disegni, grafica, immagini e fotografie, banche dati, software e ogni altro materiale audiovisivo di qualunque tipo e natura;<\/p><p>\u00b7 per \u201cservizi\u201d: tutte quelle funzioni, dispositivi, applicazioni, informazioni o altre prestazioni disponibili tramite questo sito web;<\/p><p>\u00b7 per \u201cvisitatore\u201d o \u201cutente\u201d: qualsiasi persona che acceda al sito web, con o senza il permesso di \u201cVillaggio Il Calabriano di Collia Vincenzo e Fratelli\u201d, o che lo utilizzi, indipendentemente dall\u2019essersi \u201cregistrato\u201d;<\/p><p>\u00b7 per \u201cframing\u201d: l\u2019inserimento della pagina \u201cchiamata\u201d (linkata), appartenente a un certo sito, all\u2019interno della struttura di un diverso sito \u201cchiamante\u201d (linkante);<\/p><p>\u00b7 per \u201cdeep link\u201d: il richiamo diretto, contenuto in un sito, a una determinata pagina di un diverso sito, senza transitare per la \u201chome page\u201d di quest\u2019ultimo sito<\/p><\/div>\t\t\t\t\t\t<\/div>\n\t\t\t\t<\/div>\n\t\t\t\t\t<\/div>\n\t\t<\/div>\n\t\t\t\t\t\t\t<\/div>\n\t\t<\/section>\n\t\t\t\t<section class=\"elementor-section elementor-top-section elementor-element elementor-element-984a98d elementor-section-full_width elementor-section-height-default elementor-section-height-default\" data-id=\"984a98d\" data-element_type=\"section\" data-settings=\"{&quot;background_background&quot;:&quot;classic&quot;}\">\n\t\t\t\t\t\t<div class=\"elementor-container elementor-column-gap-default\">\n\t\t\t\t\t<div class=\"elementor-column elementor-col-33 elementor-top-column elementor-element elementor-element-a92c9dd elementor-hidden-tablet elementor-hidden-mobile\" data-id=\"a92c9dd\" data-element_type=\"column\">\n\t\t\t<div class=\"elementor-widget-wrap\">\n\t\t\t\t\t\t\t\t\t<\/div>\n\t\t<\/div>\n\t\t\t\t<div class=\"elementor-column elementor-col-33 elementor-top-column elementor-element elementor-element-f955d9d\" data-id=\"f955d9d\" data-element_type=\"column\">\n\t\t\t<div class=\"elementor-widget-wrap elementor-element-populated\">\n\t\t\t\t\t\t\t\t<div class=\"elementor-element elementor-element-aa17773 elementor-widget elementor-widget-image\" data-id=\"aa17773\" data-element_type=\"widget\" data-widget_type=\"image.default\">\n\t\t\t\t<div class=\"elementor-widget-container\">\n\t\t\t<style>\/*! elementor - v3.11.4 - 12-03-2023 *\/\n.elementor-widget-image{text-align:center}.elementor-widget-image a{display:inline-block}.elementor-widget-image a img[src$=\".svg\"]{width:48px}.elementor-widget-image img{vertical-align:middle;display:inline-block}<\/style>\t\t\t\t\t\t\t\t\t\t\t\t<img loading=\"lazy\" decoding=\"async\" width=\"179\" height=\"70\" src=\"https:\/\/sostacamperzambrone.it\/wp-content\/uploads\/2023\/01\/logo_bianco_calabriano.png\" class=\"attachment-large size-large wp-image-23\" alt=\"\" \/>\t\t\t\t\t\t\t\t\t\t\t\t\t\t\t<\/div>\n\t\t\t\t<\/div>\n\t\t\t\t\t<\/div>\n\t\t<\/div>\n\t\t\t\t<div class=\"elementor-column elementor-col-33 elementor-top-column elementor-element elementor-element-39022b3 elementor-hidden-tablet elementor-hidden-phone\" data-id=\"39022b3\" data-element_type=\"column\">\n\t\t\t<div class=\"elementor-widget-wrap\">\n\t\t\t\t\t\t\t\t\t<\/div>\n\t\t<\/div>\n\t\t\t\t\t\t\t<\/div>\n\t\t<\/section>\n\t\t\t\t<section class=\"elementor-section elementor-top-section elementor-element elementor-element-a188241 elementor-section-full_width elementor-section-height-default elementor-section-height-default\" data-id=\"a188241\" data-element_type=\"section\" data-settings=\"{&quot;background_background&quot;:&quot;classic&quot;}\">\n\t\t\t\t\t\t<div class=\"elementor-container elementor-column-gap-default\">\n\t\t\t\t\t<div class=\"elementor-column elementor-col-25 elementor-top-column elementor-element elementor-element-db0c763 elementor-hidden-tablet elementor-hidden-mobile\" data-id=\"db0c763\" data-element_type=\"column\">\n\t\t\t<div class=\"elementor-widget-wrap\">\n\t\t\t\t\t\t\t\t\t<\/div>\n\t\t<\/div>\n\t\t\t\t<div class=\"elementor-column elementor-col-25 elementor-top-column elementor-element elementor-element-d7e1e45\" data-id=\"d7e1e45\" data-element_type=\"column\">\n\t\t\t<div class=\"elementor-widget-wrap elementor-element-populated\">\n\t\t\t\t\t\t\t\t<div class=\"elementor-element elementor-element-f0056e7 elementor-widget elementor-widget-text-editor\" data-id=\"f0056e7\" data-element_type=\"widget\" data-settings=\"{&quot;_animation&quot;:&quot;none&quot;}\" data-widget_type=\"text-editor.default\">\n\t\t\t\t<div class=\"elementor-widget-container\">\n\t\t\t\t\t\t\t<div class=\"elementor-element elementor-element-7e50b43 elementor-widget elementor-widget-text-editor\" data-id=\"7e50b43\" data-element_type=\"widget\" data-widget_type=\"text-editor.default\"><div class=\"elementor-widget-container\"><p style=\"text-align: left;\"><span style=\"color: #ffffff;\">Marina di Zambrone \u2013 89868 (VV)<\/span><\/p><\/div><\/div><div class=\"elementor-element elementor-element-549e967 elementor-widget elementor-widget-text-editor\" data-id=\"549e967\" data-element_type=\"widget\" data-widget_type=\"text-editor.default\"><div class=\"elementor-widget-container\"><p style=\"text-align: left;\"><span style=\"color: #ffffff;\">Tel.:\u00a0<a style=\"color: #ffffff;\" href=\"tel:+390963392096\">(+39) 0963 392096<\/a><\/span><br \/><span style=\"color: #ffffff;\">Fax:\u00a0<a style=\"color: #ffffff;\" href=\"tel:+390963542760\">(+39) 0963 542760<\/a><\/span><br \/><span style=\"color: #ffffff;\">Whatsapp:\u00a0<a style=\"color: #ffffff;\" href=\"https:\/\/wa.me\/+393464249884?text=Salve%20avrei%20bisogno%20di%20informazioni\">(+39) 351 6860710<\/a>\u00a0\u2013\u00a0<a style=\"color: #ffffff;\" href=\"https:\/\/wa.me\/+393403556100?text=Salve%20avrei%20bisogno%20di%20informazioni\">(+39) 340 3556100<\/a><\/span><br \/><span style=\"color: #ffffff;\">Email:\u00a0<a style=\"color: #ffffff;\" href=\"https:\/\/www.ilcalabriano.it\/preventivi\/\">direzione@ilcalabriano.it<\/a><\/span><\/p><\/div><\/div>\t\t\t\t\t\t<\/div>\n\t\t\t\t<\/div>\n\t\t\t\t\t<\/div>\n\t\t<\/div>\n\t\t\t\t<div class=\"elementor-column elementor-col-25 elementor-top-column elementor-element elementor-element-f7aa6a5\" data-id=\"f7aa6a5\" data-element_type=\"column\">\n\t\t\t<div class=\"elementor-widget-wrap elementor-element-populated\">\n\t\t\t\t\t\t\t\t<div class=\"elementor-element elementor-element-a2ebd63 elementor-widget elementor-widget-text-editor\" data-id=\"a2ebd63\" data-element_type=\"widget\" data-settings=\"{&quot;_animation&quot;:&quot;none&quot;}\" data-widget_type=\"text-editor.default\">\n\t\t\t\t<div class=\"elementor-widget-container\">\n\t\t\t\t\t\t\t<div class=\"elementor-element elementor-element-7e50b43 elementor-widget elementor-widget-text-editor\" data-id=\"7e50b43\" data-element_type=\"widget\" data-widget_type=\"text-editor.default\"><div class=\"elementor-widget-container\"><p style=\"text-align: left;\"><a href=\"https:\/\/sostacamperzambrone.it\/index.php\/privacy-policy\/\"><strong><span style=\"color: #ffffff;\">Privacy Policy<\/span><\/strong><\/a><\/p><\/div><\/div>\t\t\t\t\t\t<\/div>\n\t\t\t\t<\/div>\n\t\t\t\t\t<\/div>\n\t\t<\/div>\n\t\t\t\t<div class=\"elementor-column elementor-col-25 elementor-top-column elementor-element elementor-element-fc2e975 elementor-hidden-tablet elementor-hidden-phone\" data-id=\"fc2e975\" data-element_type=\"column\">\n\t\t\t<div class=\"elementor-widget-wrap\">\n\t\t\t\t\t\t\t\t\t<\/div>\n\t\t<\/div>\n\t\t\t\t\t\t\t<\/div>\n\t\t<\/section>\n\t\t\t\t\t\t\t<\/div>\n\t\t","protected":false},"excerpt":{"rendered":"<p>Privacy Policy Modalit\u00e0 e condizioni di utilizzo del sito web Chiunque acceda o utilizzi questo sito web accetta senza restrizioni di essere vincolato dalle condizioni qui specificate. Se non le accetta o non intende essere vincolato dalle stesse, non pu\u00f2 accedere, utilizzare o scaricare materiale da questo sito. In qualsiasi momento, \u201cVillaggio Il Calabriano di [&hellip;]<\/p>\n","protected":false},"author":1,"featured_media":0,"parent":0,"menu_order":0,"comment_status":"closed","ping_status":"open","template":"elementor_canvas","meta":{"footnotes":""},"class_list":["post-3","page","type-page","status-publish","hentry"],"_links":{"self":[{"href":"https:\/\/sostacamperzambrone.it\/index.php\/wp-json\/wp\/v2\/pages\/3","targetHints":{"allow":["GET"]}}],"collection":[{"href":"https:\/\/sostacamperzambrone.it\/index.php\/wp-json\/wp\/v2\/pages"}],"about":[{"href":"https:\/\/sostacamperzambrone.it\/index.php\/wp-json\/wp\/v2\/types\/page"}],"author":[{"embeddable":true,"href":"https:\/\/sostacamperzambrone.it\/index.php\/wp-json\/wp\/v2\/users\/1"}],"replies":[{"embeddable":true,"href":"https:\/\/sostacamperzambrone.it\/index.php\/wp-json\/wp\/v2\/comments?post=3"}],"version-history":[{"count":7,"href":"https:\/\/sostacamperzambrone.it\/index.php\/wp-json\/wp\/v2\/pages\/3\/revisions"}],"predecessor-version":[{"id":104,"href":"https:\/\/sostacamperzambrone.it\/index.php\/wp-json\/wp\/v2\/pages\/3\/revisions\/104"}],"wp:attachment":[{"href":"https:\/\/sostacamperzambrone.it\/index.php\/wp-json\/wp\/v2\/media?parent=3"}],"curies":[{"name":"wp","href":"https:\/\/api.w.org\/{rel}","templated":true}]}}